{"id":66,"date":"2019-02-26T11:51:55","date_gmt":"2019-02-26T11:51:55","guid":{"rendered":"http:\/\/linaundharm.de\/?page_id=66"},"modified":"2019-09-12T17:49:18","modified_gmt":"2019-09-12T17:49:18","slug":"startseite","status":"publish","type":"page","link":"https:\/\/linaundharm.de\/","title":{"rendered":"Was f\u00fcr ein Fest!"},"content":{"rendered":"\n<p><\/p>\n\n\n\n<p>Dank Euch war unsere Hochzeit ein wahres Fest! <\/p>\n\n\n\n<p>F\u00fcr die vielen lieben Worte und Gl\u00fcckw\u00fcnsche, die gro\u00dfz\u00fcgigen und liebevollen Geschenke, die Hilfe und Unterst\u00fctzung, die Einf\u00e4lle und \u00dcberraschungen danken wir Euch von Herzen. <\/p>\n\n\n\n<p>Sch\u00f6n, dass Ihr alle an uns gedacht habt und den Tag f\u00fcr uns so einzigartig gemacht habt. <\/p>\n\n\n\n<p>Lina und Harm<\/p>\n\n\n\n<p class=\"has-small-font-size\"><a href=\"http:\/\/linaundharm.de\/?page_id=131\">Fotos findet Ihr hier<\/a><\/p>\n\n\n\n<p><br><\/p>\n","protected":false},"excerpt":{"rendered":"<p>Dank Euch war unsere Hochzeit ein wahres Fest! F\u00fcr die vielen lieben Worte und Gl\u00fcckw\u00fcnsche, die gro\u00dfz\u00fcgigen und liebevollen Geschenke, die Hilfe und Unterst\u00fctzung, die Einf\u00e4lle und \u00dcberraschungen danken wir Euch von Herzen. Sch\u00f6n, dass Ihr alle an uns gedacht habt und den Tag f\u00fcr uns so einzigartig gemacht habt. Lina und Harm Fotos findet &hellip; <\/p>\n<p class=\"link-more\"><a href=\"https:\/\/linaundharm.de\/\" class=\"more-link\"><span class=\"screen-reader-text\">\u201eWas f\u00fcr ein Fest!\u201c <\/span>weiterlesen<\/a><\/p>\n","protected":false},"author":1,"featured_media":0,"parent":0,"menu_order":0,"comment_status":"closed","ping_status":"closed","template":"","meta":{"footnotes":""},"class_list":["post-66","page","type-page","status-publish","hentry"],"_links":{"self":[{"href":"https:\/\/linaundharm.de\/index.php?rest_route=\/wp\/v2\/pages\/66","targetHints":{"allow":["GET"]}}],"collection":[{"href":"https:\/\/linaundharm.de\/index.php?rest_route=\/wp\/v2\/pages"}],"about":[{"href":"https:\/\/linaundharm.de\/index.php?rest_route=\/wp\/v2\/types\/page"}],"author":[{"embeddable":true,"href":"https:\/\/linaundharm.de\/index.php?rest_route=\/wp\/v2\/users\/1"}],"replies":[{"embeddable":true,"href":"https:\/\/linaundharm.de\/index.php?rest_route=%2Fwp%2Fv2%2Fcomments&post=66"}],"version-history":[{"count":15,"href":"https:\/\/linaundharm.de\/index.php?rest_route=\/wp\/v2\/pages\/66\/revisions"}],"predecessor-version":[{"id":179,"href":"https:\/\/linaundharm.de\/index.php?rest_route=\/wp\/v2\/pages\/66\/revisions\/179"}],"wp:attachment":[{"href":"https:\/\/linaundharm.de\/index.php?rest_route=%2Fwp%2Fv2%2Fmedia&parent=66"}],"curies":[{"name":"wp","href":"https:\/\/api.w.org\/{rel}","templated":true}]}}